{"id":589,"date":"2018-10-09T14:46:54","date_gmt":"2018-10-09T12:46:54","guid":{"rendered":"https:\/\/gurmen.sk\/kontaktne-informacie\/"},"modified":"2025-03-26T13:09:23","modified_gmt":"2025-03-26T12:09:23","slug":"contact","status":"publish","type":"page","link":"https:\/\/gurmen.sk\/en\/contact\/","title":{"rendered":"Contact"},"content":{"rendered":"[spb_row element_name=&#8221;Row&#8221; wrap_type=&#8221;content-width&#8221; parallax_image_height=&#8221;content-height&#8221; parallax_image_movement=&#8221;fixed&#8221; parallax_image_speed=&#8221;0.5&#8243; bg_video_loop=&#8221;yes&#8221; parallax_video_height=&#8221;window-height&#8221; parallax_video_overlay=&#8221;none&#8221; row_overlay_opacity=&#8221;0&#8243; row_col_pos=&#8221;default&#8221; width=&#8221;1\/1&#8243; el_position=&#8221;first last&#8221;] [spb_column col_sm=&#8221;6&#8243; padding_horizontal=&#8221;0&#8243; width=&#8221;1\/2&#8243; el_position=&#8221;first&#8221;] [spb_boxed_content type=&#8221;coloured&#8221; box_link_target=&#8221;_self&#8221; padding_vertical=&#8221;0&#8243; padding_horizontal=&#8221;0&#8243; width=&#8221;1\/1&#8243; el_position=&#8221;first last&#8221;]\n<h3 class=\"spb-heading\">Contact<\/h3>\n<p>GAS Familia, s.r.o.<br \/>\nPre\u0161ovsk\u00e1 8<br \/>\n064 01 Star\u00e1 \u013dubov\u0148a<br \/>\nSlovakia<\/p>\n<p>I\u010cO : 31691552<br \/>\nDI\u010c : 2020525727<br \/>\nI\u010c DPH : SK2020525727<\/p>\n<p><strong>Julie Ann Gurega<\/strong><\/p>\n<p>+1 201-397-5270<br \/>\nsales@gurmen.com<\/p>\n<p><strong>Miriam Dracova Galis<\/strong><\/p>\n<p>+1 732-604-0447<br \/>\nsales@gurmen.com<\/p>\n[\/spb_boxed_content] [\/spb_column] [spb_column col_sm=&#8221;6&#8243; padding_horizontal=&#8221;0&#8243; width=&#8221;1\/2&#8243; el_position=&#8221;last&#8221;] [spb_raw_html width=&#8221;1\/1&#8243; el_position=&#8221;first last&#8221;]JTNDaWZyYW1lJTIwc3JjJTNEJTIyaHR0cHMlM0ElMkYlMkZ3d3cuZ29vZ2xlLmNvbSUyRm1hcHMlMkZlbWJlZCUzRnBiJTNEJTIxMW0xOCUyMTFtMTIlMjExbTMlMjExZDIxODcuODgwNDg4MjMyMDIwNSUyMTJkMjAuNjk2MzEwNjgyNjM1MjQlMjEzZDQ5LjI5ODMxNjMyNjU2NzU0JTIxMm0zJTIxMWYwJTIxMmYwJTIxM2YwJTIxM20yJTIxMWkxMDI0JTIxMmk3NjglMjE0ZjEzLjElMjEzbTMlMjExbTIlMjExczB4NDczZTEyYWFmMGU1YmQ5NyUyNTNBMHhkMTBhM2NhNjE2MmQ1YTQzJTIxMnpVSEpseGFGdmRuTnJ3NkVnTXpNMEx6Z3NJREEyTkNBd01TQlRkR0Z5dzZFZ3hMMTFZbTkyeFloaCUyMTVlMCUyMTNtMiUyMTFzc2slMjEyc3NrJTIxNHYxNTUzMjMzNTc0NzM5JTIyJTIwd2lkdGglM0QlMjIxMDAlMjUlMjIlMjBoZWlnaHQlM0QlMjI1MDAlMjIlMjBmcmFtZWJvcmRlciUzRCUyMjAlMjIlMjBzdHlsZSUzRCUyMmJvcmRlciUzQTAlMjIlMjBhbGxvd2Z1bGxzY3JlZW4lM0UlM0MlMkZpZnJhbWUlM0U=[\/spb_raw_html] [\/spb_column] [\/spb_row]\n","protected":false},"excerpt":{"rendered":"<p>[spb_row element_name=&#8221;Row&#8221; wrap_type=&#8221;content-width&#8221; parallax_image_height=&#8221;content-height&#8221; parallax_image_movement=&#8221;fixed&#8221; parallax_image_speed=&#8221;0.5&#8243; bg_video_loop=&#8221;yes&#8221; parallax_video_height=&#8221;window-height&#8221; parallax_video_overlay=&#8221;none&#8221; row_overlay_opacity=&#8221;0&#8243; row_col_pos=&#8221;default&#8221; width=&#8221;1\/1&#8243; el_position=&#8221;first last&#8221;] [spb_column col_sm=&#8221;6&#8243; padding_horizontal=&#8221;0&#8243; width=&#8221;1\/2&#8243; el_position=&#8221;first&#8221;] [spb_boxed_content type=&#8221;coloured&#8221; box_link_target=&#8221;_self&#8221; padding_vertical=&#8221;0&#8243; padding_horizontal=&#8221;0&#8243; width=&#8221;1\/1&#8243; el_position=&#8221;first last&#8221;] Contact GAS Familia, s.r.o. Pre\u0161ovsk\u00e1 8 064 01 Star\u00e1 \u013dubov\u0148a Slovakia I\u010cO : 31691552 DI\u010c : 2020525727 I\u010c DPH : SK2020525727 Julie Ann Gurega +1 201-397-5270 sales@gurmen.com Miriam Dracova Galis +1 732-604-0447 sales@gurmen.com [&hellip;]<\/p>\n","protected":false},"author":2,"featured_media":0,"parent":0,"menu_order":0,"comment_status":"closed","ping_status":"closed","template":"","meta":[],"_links":{"self":[{"href":"https:\/\/gurmen.sk\/en\/wp-json\/wp\/v2\/pages\/589\/"}],"collection":[{"href":"https:\/\/gurmen.sk\/en\/wp-json\/wp\/v2\/pages\/"}],"about":[{"href":"https:\/\/gurmen.sk\/en\/wp-json\/wp\/v2\/types\/page\/"}],"author":[{"embeddable":true,"href":"https:\/\/gurmen.sk\/en\/wp-json\/wp\/v2\/users\/2\/"}],"replies":[{"embeddable":true,"href":"https:\/\/gurmen.sk\/en\/wp-json\/wp\/v2\/comments\/?post=589"}],"version-history":[{"count":5,"href":"https:\/\/gurmen.sk\/en\/wp-json\/wp\/v2\/pages\/589\/revisions\/"}],"predecessor-version":[{"id":981,"href":"https:\/\/gurmen.sk\/en\/wp-json\/wp\/v2\/pages\/589\/revisions\/981\/"}],"wp:attachment":[{"href":"https:\/\/gurmen.sk\/en\/wp-json\/wp\/v2\/media\/?parent=589"}],"curies":[{"name":"wp","href":"https:\/\/api.w.org\/{rel}","templated":true}]}}